{"id":3309,"date":"2018-07-05T16:53:42","date_gmt":"2018-07-05T15:53:42","guid":{"rendered":"https:\/\/www.scorpionplanogram.com\/it-it\/?page_id=3309"},"modified":"2018-11-07T15:08:07","modified_gmt":"2018-11-07T15:08:07","slug":"planogrammi-automatizzati","status":"publish","type":"page","link":"https:\/\/www.scorpionplanogram.com\/it-it\/planogrammi-automatizzati\/","title":{"rendered":"Planogrammi Automatizzati"},"content":{"rendered":"<div class=\"wpb-content-wrapper\"><p>[vc_row][vc_column width=&#8221;1\/3&#8243;][vc_column_text animation=&#8221;eut-fade-in-left-big&#8221; animation_delay=&#8221;300&#8243;]<\/p>\n<h4><span style=\"font-weight: 400;\">Posizionamento Automatico Prodotti<\/span><\/h4>\n<p><strong>Crea planogrammi in pochi minuti!<br \/>\n<\/strong>La creazone del planogramma pu\u00f2 richiedere molto tempo e un compito noioso senza gli strumenti giusti. La tecnologia si \u00e8 mossa velocemente e cos\u00ec anche il nostro software planogram. L&#8217;automazione del planogramma Scorpion consente di creare planogrammi dall&#8217;aspetto realistico senza dover svolgere le attivit\u00e0 ripetitive di planogrammazione. All&#8217;interno del software di automazione del planogramma, decidi la tua progettazione di strutture, inclusi punti vendita, tipi di scaffali e decorazioni, ma lascia che Scorpion faccia il merchandising dei prodotti per te. Dopo averlo configurato, ci vorranno solo pochi minuti per creare i planogrammi. Lasciaci lavorare con te per personalizzare il processo di automazione della planogrammazione. Guarda il nostro video per un esempio visivo.[\/vc_column_text][\/vc_column][vc_column width=&#8221;2\/3&#8243;][vc_column_text]<\/p>\n<div style=\"width: 1080px;\" class=\"wp-video\"><video class=\"wp-video-shortcode\" id=\"video-3309-1\" width=\"1080\" height=\"608\" preload=\"metadata\" controls=\"controls\"><source type=\"video\/mp4\" src=\"https:\/\/www.scorpionplanogram.com\/it-it\/wp-content\/uploads\/sites\/6\/2018\/09\/4-Automation-Video-for-Website.mp4?_=1\" \/><a href=\"https:\/\/www.scorpionplanogram.com\/it-it\/wp-content\/uploads\/sites\/6\/2018\/09\/4-Automation-Video-for-Website.mp4\">https:\/\/www.scorpionplanogram.com\/it-it\/wp-content\/uploads\/sites\/6\/2018\/09\/4-Automation-Video-for-Website.mp4<\/a><\/video><\/div>\n<p>[\/vc_column_text][\/vc_column][\/vc_row][vc_row padding_top_multiplier=&#8221;&#8221;][vc_column]<div class=\"eut-empty-space eut-height-1x\" style=\"\"><\/div>[\/vc_column][\/vc_row][vc_row padding_top_multiplier=&#8221;2x&#8221; padding_bottom_multiplier=&#8221;2x&#8221; rc_heading_color=&#8221;primary-1&#8243; rc_bg_type=&#8221;color&#8221; rc_bg_color=&#8221;#f9f9f9&#8243;][vc_column vertical_content_position=&#8221;middle&#8221;][vc_column_text animation=&#8221;eut-fade-in-up&#8221; animation_delay=&#8221;300&#8243;]<\/p>\n<h4 style=\"text-align: right;\"><span style=\"font-weight: 400;\">Approccio Personalizzato all&#8217;Automazione dei Planogrammi<\/span><\/h4>\n<p style=\"text-align: right;\"><strong>Automazione che ascolta i tuoi bisogni<br \/>\n<\/strong>Decidi il tuo livello di coinvolgimento nel processo di automazione del planogramma e permettici di sviluppare uno strumento di automazione adatto alle tue esigenze e automatizzare quelle parti del processo di planogramma che desideri automatizzare. L&#8217;automazione \u00e8 un processo complesso e, a differenza di altri fornitori di planogram, riconosciamo che l&#8217;automazione del planogramma &#8220;out of the box&#8221; non sempre si adatta alle esigenze specifiche delle aziende. Pertanto, riteniamo importante sapere cosa vuoi che lo strumento di automazione della planogrammazione crei per te. Desideriamo approfondire ulteriormente i tuoi desideri e fornirti lo strumento di automazione perfetto per te!<\/p>\n<p>[\/vc_column_text][\/vc_column][\/vc_row][vc_row padding_top_multiplier=&#8221;2x&#8221; padding_bottom_multiplier=&#8221;2x&#8221;][vc_column rc_heading_color=&#8221;primary-1&#8243;][vc_column_text animation=&#8221;eut-fade-in-up-big&#8221; animation_delay=&#8221;300&#8243;]<\/p>\n<h4 style=\"text-align: left;\"><span style=\"font-weight: 400;\">Automazione Planogram Intelligente<\/span><\/h4>\n<p style=\"text-align: left;\"><strong>Intelligenza artificiale nell&#8217;automazione del planogramma<br \/>\n<\/strong>L&#8217;intelligenza artificiale sta diventando sempre pi\u00f9 presente nelle nostre vite quotidiane e crescer\u00e0 significativamente nei prossimi anni. I nostri esperti di planogrammi e il team di sviluppo sono aggiornati con le ultime tecnologie intelligenti. Insieme stanno lavorando per completare uno strumento di automazione del planogramma intelligente che impara a creare planogrammi basati sui dati in base alle preferenze e al comportamento del planogramma. Quindi, tieni d&#8217;occhio il nostro sito Web e i nostri blog per aggiornamenti sulla nostra ricerca sull&#8217;intelligenza artificiale e sullo sviluppo del software.Artificial Intelligence is becoming increasingly more present in our everyday lives and will grow significantly over the next years. Our planogram experts and development team keep up to date with the latest intelligent technologies. Together they are working on to complete an intelligent planogram automation tool which will teach itself to create data-driven planograms based on your planogram preferences and behavior. So, keep a close eye on our website and blogs for updates on our artificial intelligence research and software development.<\/p>\n<p>[\/vc_column_text][\/vc_column][\/vc_row]<\/p>\n<\/div>","protected":false},"excerpt":{"rendered":"<p>[vc_row][vc_column width=&#8221;1\/3&#8243;][vc_column_text animation=&#8221;eut-fade-in-left-big&#8221; animation_delay=&#8221;300&#8243;] Posizionamento Automatico Prodotti Crea planogrammi in pochi minuti! La creazone del planogramma pu\u00f2 richiedere molto tempo e un compito noioso senza gli strumenti giusti. La tecnologia si \u00e8 mossa velocemente e cos\u00ec anche il nostro software planogram. L&#8217;automazione del planogramma Scorpion consente di creare planogrammi dall&#8217;aspetto realistico senza dover svolgere le [&hellip;]<\/p>\n","protected":false},"author":11,"featured_media":0,"parent":0,"menu_order":0,"comment_status":"closed","ping_status":"closed","template":"","meta":{"_acf_changed":false,"_monsterinsights_skip_tracking":false,"_monsterinsights_sitenote_active":false,"_monsterinsights_sitenote_note":"","_monsterinsights_sitenote_category":0,"footnotes":""},"class_list":["post-3309","page","type-page","status-publish","hentry"],"acf":[],"yoast_head":"<!-- This site is optimized with the Yoast SEO plugin v27.5 - https:\/\/yoast.com\/product\/yoast-seo-wordpress\/ -->\n<title>Come utilizzare l&#039;automazione di Planogram | Design semplice e veloce<\/title>\n<meta name=\"description\" content=\"Guarda il nostro video per vedere come funziona l&#039;automazione del planogramma e come pu\u00f2 aiutare la tua azienda. Progetta i tuoi planogrammi in pochi minuti\" \/>\n<meta name=\"robots\" content=\"index, follow, max-snippet:-1, max-image-preview:large, max-video-preview:-1\" \/>\n<link rel=\"canonical\" href=\"https:\/\/www.scorpionplanogram.com\/it-it\/planogrammi-automatizzati\/\" \/>\n<meta property=\"og:locale\" content=\"en_GB\" \/>\n<meta property=\"og:type\" content=\"article\" \/>\n<meta property=\"og:title\" content=\"Come utilizzare l&#039;automazione di Planogram | Design semplice e veloce\" \/>\n<meta property=\"og:description\" content=\"Guarda il nostro video per vedere come funziona l&#039;automazione del planogramma e come pu\u00f2 aiutare la tua azienda. Progetta i tuoi planogrammi in pochi minuti\" \/>\n<meta property=\"og:url\" content=\"https:\/\/www.scorpionplanogram.com\/it-it\/planogrammi-automatizzati\/\" \/>\n<meta property=\"og:site_name\" content=\"Scorpion Italian\" \/>\n<meta property=\"article:modified_time\" content=\"2018-11-07T15:08:07+00:00\" \/>\n<meta name=\"twitter:card\" content=\"summary_large_image\" \/>\n<meta name=\"twitter:label1\" content=\"Estimated reading time\" \/>\n\t<meta name=\"twitter:data1\" content=\"3 minutes\" \/>\n<script type=\"application\/ld+json\" class=\"yoast-schema-graph\">{\"@context\":\"https:\\\/\\\/schema.org\",\"@graph\":[{\"@type\":\"WebPage\",\"@id\":\"https:\\\/\\\/www.scorpionplanogram.com\\\/it-it\\\/planogrammi-automatizzati\\\/\",\"url\":\"https:\\\/\\\/www.scorpionplanogram.com\\\/it-it\\\/planogrammi-automatizzati\\\/\",\"name\":\"Come utilizzare l'automazione di Planogram | Design semplice e veloce\",\"isPartOf\":{\"@id\":\"https:\\\/\\\/www.scorpionplanogram.com\\\/it-it\\\/#website\"},\"datePublished\":\"2018-07-05T15:53:42+00:00\",\"dateModified\":\"2018-11-07T15:08:07+00:00\",\"description\":\"Guarda il nostro video per vedere come funziona l'automazione del planogramma e come pu\u00f2 aiutare la tua azienda. Progetta i tuoi planogrammi in pochi minuti\",\"breadcrumb\":{\"@id\":\"https:\\\/\\\/www.scorpionplanogram.com\\\/it-it\\\/planogrammi-automatizzati\\\/#breadcrumb\"},\"inLanguage\":\"en-GB\",\"potentialAction\":[{\"@type\":\"ReadAction\",\"target\":[\"https:\\\/\\\/www.scorpionplanogram.com\\\/it-it\\\/planogrammi-automatizzati\\\/\"]}]},{\"@type\":\"BreadcrumbList\",\"@id\":\"https:\\\/\\\/www.scorpionplanogram.com\\\/it-it\\\/planogrammi-automatizzati\\\/#breadcrumb\",\"itemListElement\":[{\"@type\":\"ListItem\",\"position\":1,\"name\":\"Home\",\"item\":\"https:\\\/\\\/www.scorpionplanogram.com\\\/it-it\\\/\"},{\"@type\":\"ListItem\",\"position\":2,\"name\":\"Planogrammi Automatizzati\"}]},{\"@type\":\"WebSite\",\"@id\":\"https:\\\/\\\/www.scorpionplanogram.com\\\/it-it\\\/#website\",\"url\":\"https:\\\/\\\/www.scorpionplanogram.com\\\/it-it\\\/\",\"name\":\"Scorpion Italian\",\"description\":\"\",\"potentialAction\":[{\"@type\":\"SearchAction\",\"target\":{\"@type\":\"EntryPoint\",\"urlTemplate\":\"https:\\\/\\\/www.scorpionplanogram.com\\\/it-it\\\/?s={search_term_string}\"},\"query-input\":{\"@type\":\"PropertyValueSpecification\",\"valueRequired\":true,\"valueName\":\"search_term_string\"}}],\"inLanguage\":\"en-GB\"}]}<\/script>\n<!-- \/ Yoast SEO plugin. -->","yoast_head_json":{"title":"Come utilizzare l'automazione di Planogram | Design semplice e veloce","description":"Guarda il nostro video per vedere come funziona l'automazione del planogramma e come pu\u00f2 aiutare la tua azienda. Progetta i tuoi planogrammi in pochi minuti","robots":{"index":"index","follow":"follow","max-snippet":"max-snippet:-1","max-image-preview":"max-image-preview:large","max-video-preview":"max-video-preview:-1"},"canonical":"https:\/\/www.scorpionplanogram.com\/it-it\/planogrammi-automatizzati\/","og_locale":"en_GB","og_type":"article","og_title":"Come utilizzare l'automazione di Planogram | Design semplice e veloce","og_description":"Guarda il nostro video per vedere come funziona l'automazione del planogramma e come pu\u00f2 aiutare la tua azienda. Progetta i tuoi planogrammi in pochi minuti","og_url":"https:\/\/www.scorpionplanogram.com\/it-it\/planogrammi-automatizzati\/","og_site_name":"Scorpion Italian","article_modified_time":"2018-11-07T15:08:07+00:00","twitter_card":"summary_large_image","twitter_misc":{"Estimated reading time":"3 minutes"},"schema":{"@context":"https:\/\/schema.org","@graph":[{"@type":"WebPage","@id":"https:\/\/www.scorpionplanogram.com\/it-it\/planogrammi-automatizzati\/","url":"https:\/\/www.scorpionplanogram.com\/it-it\/planogrammi-automatizzati\/","name":"Come utilizzare l'automazione di Planogram | Design semplice e veloce","isPartOf":{"@id":"https:\/\/www.scorpionplanogram.com\/it-it\/#website"},"datePublished":"2018-07-05T15:53:42+00:00","dateModified":"2018-11-07T15:08:07+00:00","description":"Guarda il nostro video per vedere come funziona l'automazione del planogramma e come pu\u00f2 aiutare la tua azienda. Progetta i tuoi planogrammi in pochi minuti","breadcrumb":{"@id":"https:\/\/www.scorpionplanogram.com\/it-it\/planogrammi-automatizzati\/#breadcrumb"},"inLanguage":"en-GB","potentialAction":[{"@type":"ReadAction","target":["https:\/\/www.scorpionplanogram.com\/it-it\/planogrammi-automatizzati\/"]}]},{"@type":"BreadcrumbList","@id":"https:\/\/www.scorpionplanogram.com\/it-it\/planogrammi-automatizzati\/#breadcrumb","itemListElement":[{"@type":"ListItem","position":1,"name":"Home","item":"https:\/\/www.scorpionplanogram.com\/it-it\/"},{"@type":"ListItem","position":2,"name":"Planogrammi Automatizzati"}]},{"@type":"WebSite","@id":"https:\/\/www.scorpionplanogram.com\/it-it\/#website","url":"https:\/\/www.scorpionplanogram.com\/it-it\/","name":"Scorpion Italian","description":"","potentialAction":[{"@type":"SearchAction","target":{"@type":"EntryPoint","urlTemplate":"https:\/\/www.scorpionplanogram.com\/it-it\/?s={search_term_string}"},"query-input":{"@type":"PropertyValueSpecification","valueRequired":true,"valueName":"search_term_string"}}],"inLanguage":"en-GB"}]}},"_links":{"self":[{"href":"https:\/\/www.scorpionplanogram.com\/it-it\/wp-json\/wp\/v2\/pages\/3309","targetHints":{"allow":["GET"]}}],"collection":[{"href":"https:\/\/www.scorpionplanogram.com\/it-it\/wp-json\/wp\/v2\/pages"}],"about":[{"href":"https:\/\/www.scorpionplanogram.com\/it-it\/wp-json\/wp\/v2\/types\/page"}],"author":[{"embeddable":true,"href":"https:\/\/www.scorpionplanogram.com\/it-it\/wp-json\/wp\/v2\/users\/11"}],"replies":[{"embeddable":true,"href":"https:\/\/www.scorpionplanogram.com\/it-it\/wp-json\/wp\/v2\/comments?post=3309"}],"version-history":[{"count":0,"href":"https:\/\/www.scorpionplanogram.com\/it-it\/wp-json\/wp\/v2\/pages\/3309\/revisions"}],"wp:attachment":[{"href":"https:\/\/www.scorpionplanogram.com\/it-it\/wp-json\/wp\/v2\/media?parent=3309"}],"curies":[{"name":"wp","href":"https:\/\/api.w.org\/{rel}","templated":true}]}}