{"id":3307,"date":"2018-07-05T16:52:04","date_gmt":"2018-07-05T15:52:04","guid":{"rendered":"https:\/\/www.scorpionplanogram.com\/nl-nl\/?page_id=3307"},"modified":"2018-11-20T12:06:34","modified_gmt":"2018-11-20T12:06:34","slug":"3d-schappenplan","status":"publish","type":"page","link":"https:\/\/www.scorpionplanogram.com\/nl-nl\/3d-schappenplan\/","title":{"rendered":"3D Schappenplan"},"content":{"rendered":"<div class=\"wpb-content-wrapper\"><p>[vc_row padding_top_multiplier=&#8221;&#8221; padding_bottom_multiplier=&#8221;2x&#8221;][vc_column]<h2 class=\"eut-element eut-title eut-align-inherit eut-animated-item eut-fade-in-up eut-duration-normal eut-h3\" style=\"\" data-delay=\"0\"><span>Elk 3D planogram begint met een 2D planogram<\/span><\/h2>[vc_column_text animation=&#8221;eut-fade-in-up&#8221; animation_delay=&#8221;0&#8243;]Het ontwerp van een 3D schappenplan begint bij een 2D schappenplan. Het cre\u00ebren van een 2D schappenplan is snel en voor de hand liggend met Scorpion. Scorpion gebruikt de meest recente technologie\u00ebn en algemeen gebruikte toets functies zoals verslepen met muisklik, vergroten en verkleinen met muisklik, en het kopi\u00ebren en plakken van stellingen en planken inclusief hun eigenschappen. Met Scorpion schappenplan software kunt u elk stelling soort ontwerpen zoals planken, pegboards, hangbalken, tafels en vrieskasten. Wanneer u uw 2D schappenplan ontwerp hebt afgerond ben u klaar voor 3D. <strong>Zie hieronder voor een 2D en 3D schappenplan voorbeeld van een deel van een kleding winkel.<\/strong>[\/vc_column_text][\/vc_column][\/vc_row][vc_row rc_bg_type=&#8221;color&#8221; rc_bg_color=&#8221;#d6d6d6&#8243;][vc_column][vc_column_text animation=&#8221;eut-fade-in-down&#8221; animation_duration=&#8221;fast&#8221;]<\/p>\n<p style=\"text-align: center;\">Winkel Foto<\/p>\n<p>[\/vc_column_text]<div class=\"eut-element eut-image eut-animated-item eut-fade-in-down eut-duration-slow eut-align-center\" style=\"\" data-delay=\"200\">  <div class=\"eut-image-wrapper\"><img loading=\"lazy\" decoding=\"async\" width=\"560\" height=\"420\" src=\"https:\/\/www.scorpionplanogram.com\/nl-nl\/wp-content\/uploads\/sites\/7\/2018\/09\/Picture1-560x420.png\" class=\"attachment-zuperla-eutf-small-rect-horizontal size-zuperla-eutf-small-rect-horizontal\" alt=\"Instore Apparel Image\" srcset=\"https:\/\/www.scorpionplanogram.com\/nl-nl\/wp-content\/uploads\/sites\/7\/2018\/09\/Picture1-560x420.png 560w, https:\/\/www.scorpionplanogram.com\/nl-nl\/wp-content\/uploads\/sites\/7\/2018\/09\/Picture1-900x675.png 900w\" sizes=\"auto, (max-width: 560px) 100vw, 560px\" \/>  <\/div><\/div>[\/vc_column][\/vc_row][vc_row rc_bg_type=&#8221;color&#8221; rc_bg_color=&#8221;#d6d6d6&#8243;][vc_column]<div class=\"eut-element eut-single-icon eut-align-center eut-medium eut-animated-item eut-fade-in-down eut-duration-slow\" style=\"\" data-delay=\"200\">  <div class=\"eut-wrapper-icon eut-no-shape eut-text-grey\"><i class=\"fa fa-arrow-down eut-text-primary-1\"><\/i><\/div><\/div>[\/vc_column][\/vc_row][vc_row rc_bg_type=&#8221;color&#8221; rc_bg_color=&#8221;#d6d6d6&#8243;][vc_column][vc_column_text animation=&#8221;eut-fade-in-down&#8221; animation_duration=&#8221;fast&#8221;]<\/p>\n<p style=\"text-align: center;\">2D Schappenplan<\/p>\n<p>[\/vc_column_text]<div class=\"eut-element eut-image eut-animated-item eut-fade-in-down eut-duration-slow eut-align-center\" style=\"\" data-delay=\"200\">  <div class=\"eut-image-wrapper\"><img loading=\"lazy\" decoding=\"async\" width=\"560\" height=\"420\" src=\"https:\/\/www.scorpionplanogram.com\/nl-nl\/wp-content\/uploads\/sites\/7\/2018\/09\/Gap-store-2-560x420.png\" class=\"attachment-zuperla-eutf-small-rect-horizontal size-zuperla-eutf-small-rect-horizontal\" alt=\"Scorpion 2D Apparel Planogram Example\" srcset=\"https:\/\/www.scorpionplanogram.com\/nl-nl\/wp-content\/uploads\/sites\/7\/2018\/09\/Gap-store-2-560x420.png 560w, https:\/\/www.scorpionplanogram.com\/nl-nl\/wp-content\/uploads\/sites\/7\/2018\/09\/Gap-store-2-900x675.png 900w\" sizes=\"auto, (max-width: 560px) 100vw, 560px\" \/>  <\/div><\/div>[\/vc_column][\/vc_row][vc_row rc_bg_type=&#8221;color&#8221; rc_bg_color=&#8221;#d6d6d6&#8243;][vc_column]<div class=\"eut-element eut-single-icon eut-align-center eut-medium eut-animated-item eut-fade-in-down eut-duration-slow\" style=\"\" data-delay=\"200\">  <div class=\"eut-wrapper-icon eut-no-shape eut-text-grey\"><i class=\"fa fa-arrow-down eut-text-primary-1\"><\/i><\/div><\/div>[\/vc_column][\/vc_row][vc_row rc_bg_type=&#8221;color&#8221; rc_bg_color=&#8221;#d6d6d6&#8243;][vc_column][vc_column_text animation=&#8221;eut-fade-in-down&#8221; animation_duration=&#8221;fast&#8221;]<\/p>\n<p style=\"text-align: center;\">3D Schappenplan<\/p>\n<p>[\/vc_column_text]<div class=\"eut-element eut-image eut-animated-item eut-fade-in-down eut-duration-slow eut-align-center\" style=\"\" data-delay=\"200\">  <div class=\"eut-image-wrapper\"><img loading=\"lazy\" decoding=\"async\" width=\"560\" height=\"420\" src=\"https:\/\/www.scorpionplanogram.com\/nl-nl\/wp-content\/uploads\/sites\/7\/2018\/09\/3D-GAP-image_edited-560x420.jpg\" class=\"attachment-zuperla-eutf-small-rect-horizontal size-zuperla-eutf-small-rect-horizontal\" alt=\"\" \/>  <\/div><\/div>[\/vc_column][\/vc_row][vc_row padding_top_multiplier=&#8221;2x&#8221; rc_heading_color=&#8221;primary-1&#8243;][vc_column]<h2 class=\"eut-element eut-title eut-align-inherit eut-animated-item eut-fade-in-left eut-duration-normal eut-h3\" style=\"\" data-delay=\"0\"><span>3D Planograms<\/span><\/h2>[vc_column_text animation=&#8221;eut-fade-in-left&#8221; animation_delay=&#8221;0&#8243;]Met Scorpion schappenplan 3D is het simpel om uw winkel te zien door de ogen van de consument. In Scorpion klikt u op het 3D icoon en uw 2D planogram wordt in onze 3D gaming arena geladen. In deze arena kunt u om uw stellingen heen lopen en van alle kanten bekijken. U kunt ook van elke kant foto\u2019s maken van u 3D planogram ontwerp. Deze 3D planogram zijn perfect voor de verkoop van u merk, verkoop presentaties en om een visueel inzicht te krijgen in uw ontwerp concepten. Een afbeelding zegt meer dan 1000 woorden dus bekijk onze 3D planogram voorbeelden op deze pagina of ga naar onze <span style=\"text-decoration: underline;\">gallerij<\/span> voor meer planogram voorbeelden.[\/vc_column_text][\/vc_column][\/vc_row][vc_row padding_bottom_multiplier=&#8221;2x&#8221;][vc_column]<div class=\"eut-element eut-flexible-carousel eut-carousel eut-layout-1 eut-with-gap\" style=\"\"><div class=\"eut-carousel-wrapper\"><div class=\"eut-carousel-navigation eut-dark eut-navigation-1 eut-navigation-carousel\">\t<div class=\"eut-carousel-buttons\">\t\t<div class=\"eut-carousel-prev\">\t\t\t<i class=\"eut-icon-nav-left-large\"><\/i>\t\t<\/div>\t\t<div class=\"eut-carousel-next\">\t\t\t<i class=\"eut-icon-nav-right-large\"><\/i>\t\t<\/div>\t<\/div><\/div>\t<div class=\"eut-flexible-carousel-element owl-carousel \" data-items=\"4\" data-items-tablet-landscape=\"4\" data-items-tablet-portrait=\"2\" data-items-mobile=\"1\" data-slider-speed=\"3000\" data-pagination-speed=\"400\" data-pagination=\"no\" data-pagination-color=\"dark\" data-slider-autoheight=\"no\" data-slider-pause=\"no\" data-slider-autoplay=\"yes\"><div class=\"eut-element eut-image eut-animated-item eut-fade-in eut-duration-normal eut-align-center\" style=\"\" data-delay=\"0\">  <div class=\"eut-image-wrapper\"><img loading=\"lazy\" decoding=\"async\" width=\"560\" height=\"560\" src=\"https:\/\/www.scorpionplanogram.com\/nl-nl\/wp-content\/uploads\/sites\/7\/2018\/08\/Upright-Freezer-3D-560x560.png\" class=\"attachment-zuperla-eutf-small-square size-zuperla-eutf-small-square\" alt=\"3D Upright Freezer Planogram Example\" srcset=\"https:\/\/www.scorpionplanogram.com\/nl-nl\/wp-content\/uploads\/sites\/7\/2018\/08\/Upright-Freezer-3D-560x560.png 560w, https:\/\/www.scorpionplanogram.com\/nl-nl\/wp-content\/uploads\/sites\/7\/2018\/08\/Upright-Freezer-3D-150x150.png 150w, https:\/\/www.scorpionplanogram.com\/nl-nl\/wp-content\/uploads\/sites\/7\/2018\/08\/Upright-Freezer-3D-900x900.png 900w\" sizes=\"auto, (max-width: 560px) 100vw, 560px\" \/>  <\/div><\/div><div class=\"eut-element eut-image eut-animated-item eut-fade-in eut-duration-normal eut-align-center\" style=\"\" data-delay=\"0\">  <div class=\"eut-image-wrapper\"><img loading=\"lazy\" decoding=\"async\" width=\"560\" height=\"560\" src=\"https:\/\/www.scorpionplanogram.com\/nl-nl\/wp-content\/uploads\/sites\/7\/2018\/09\/Scorpion-Planogram-Creams-560x560.png\" class=\"attachment-zuperla-eutf-small-square size-zuperla-eutf-small-square\" alt=\"3D Planogram example planogram template of cosmetics planogram\" srcset=\"https:\/\/www.scorpionplanogram.com\/nl-nl\/wp-content\/uploads\/sites\/7\/2018\/09\/Scorpion-Planogram-Creams-560x560.png 560w, https:\/\/www.scorpionplanogram.com\/nl-nl\/wp-content\/uploads\/sites\/7\/2018\/09\/Scorpion-Planogram-Creams-150x150.png 150w\" sizes=\"auto, (max-width: 560px) 100vw, 560px\" \/>  <\/div><\/div><div class=\"eut-element eut-image eut-animated-item eut-fade-in eut-duration-normal eut-align-center\" style=\"\" data-delay=\"0\">  <div class=\"eut-image-wrapper\"><img loading=\"lazy\" decoding=\"async\" width=\"560\" height=\"560\" src=\"https:\/\/www.scorpionplanogram.com\/nl-nl\/wp-content\/uploads\/sites\/7\/2018\/08\/Nintendo-3D-560x560.png\" class=\"attachment-zuperla-eutf-small-square size-zuperla-eutf-small-square\" alt=\"3D Gaming Planogram Example\" srcset=\"https:\/\/www.scorpionplanogram.com\/nl-nl\/wp-content\/uploads\/sites\/7\/2018\/08\/Nintendo-3D-560x560.png 560w, https:\/\/www.scorpionplanogram.com\/nl-nl\/wp-content\/uploads\/sites\/7\/2018\/08\/Nintendo-3D-150x150.png 150w, https:\/\/www.scorpionplanogram.com\/nl-nl\/wp-content\/uploads\/sites\/7\/2018\/08\/Nintendo-3D-900x900.png 900w\" sizes=\"auto, (max-width: 560px) 100vw, 560px\" \/>  <\/div><\/div><div class=\"eut-element eut-image eut-align-center\" style=\"\">  <div class=\"eut-image-wrapper\"><img loading=\"lazy\" decoding=\"async\" width=\"560\" height=\"560\" src=\"https:\/\/www.scorpionplanogram.com\/nl-nl\/wp-content\/uploads\/sites\/7\/2018\/09\/DIY-1-560x560.png\" class=\"attachment-zuperla-eutf-small-square size-zuperla-eutf-small-square\" alt=\"Scorpion 3D Planogram Example Lighting\" srcset=\"https:\/\/www.scorpionplanogram.com\/nl-nl\/wp-content\/uploads\/sites\/7\/2018\/09\/DIY-1-560x560.png 560w, https:\/\/www.scorpionplanogram.com\/nl-nl\/wp-content\/uploads\/sites\/7\/2018\/09\/DIY-1-150x150.png 150w, https:\/\/www.scorpionplanogram.com\/nl-nl\/wp-content\/uploads\/sites\/7\/2018\/09\/DIY-1-900x900.png 900w\" sizes=\"auto, (max-width: 560px) 100vw, 560px\" \/>  <\/div><\/div><div class=\"eut-element eut-image eut-animated-item eut-fade-in eut-duration-normal eut-align-center\" style=\"\" data-delay=\"0\">  <div class=\"eut-image-wrapper\"><img loading=\"lazy\" decoding=\"async\" width=\"560\" height=\"560\" src=\"https:\/\/www.scorpionplanogram.com\/nl-nl\/wp-content\/uploads\/sites\/7\/2018\/08\/Cookware-3D-560x560.png\" class=\"attachment-zuperla-eutf-small-square size-zuperla-eutf-small-square\" alt=\"3D Planogram Cookware Template\" srcset=\"https:\/\/www.scorpionplanogram.com\/nl-nl\/wp-content\/uploads\/sites\/7\/2018\/08\/Cookware-3D-560x560.png 560w, https:\/\/www.scorpionplanogram.com\/nl-nl\/wp-content\/uploads\/sites\/7\/2018\/08\/Cookware-3D-150x150.png 150w, https:\/\/www.scorpionplanogram.com\/nl-nl\/wp-content\/uploads\/sites\/7\/2018\/08\/Cookware-3D-900x900.png 900w\" sizes=\"auto, (max-width: 560px) 100vw, 560px\" \/>  <\/div><\/div><div class=\"eut-element eut-image eut-animated-item eut-fade-in eut-duration-normal eut-align-center\" style=\"\" data-delay=\"0\">  <div class=\"eut-image-wrapper\"><img loading=\"lazy\" decoding=\"async\" width=\"560\" height=\"560\" src=\"https:\/\/www.scorpionplanogram.com\/nl-nl\/wp-content\/uploads\/sites\/7\/2018\/09\/Other-1-560x560.png\" class=\"attachment-zuperla-eutf-small-square size-zuperla-eutf-small-square\" alt=\"Planogram 3D Example Planogram Template\" srcset=\"https:\/\/www.scorpionplanogram.com\/nl-nl\/wp-content\/uploads\/sites\/7\/2018\/09\/Other-1-560x560.png 560w, https:\/\/www.scorpionplanogram.com\/nl-nl\/wp-content\/uploads\/sites\/7\/2018\/09\/Other-1-150x150.png 150w, https:\/\/www.scorpionplanogram.com\/nl-nl\/wp-content\/uploads\/sites\/7\/2018\/09\/Other-1-900x900.png 900w\" sizes=\"auto, (max-width: 560px) 100vw, 560px\" \/>  <\/div><\/div><div class=\"eut-element eut-image eut-animated-item eut-fade-in eut-duration-normal eut-align-center\" style=\"\" data-delay=\"0\">  <div class=\"eut-image-wrapper\"><img loading=\"lazy\" decoding=\"async\" width=\"560\" height=\"560\" src=\"https:\/\/www.scorpionplanogram.com\/nl-nl\/wp-content\/uploads\/sites\/7\/2018\/08\/Apparrell-2-3D-560x560.png\" class=\"attachment-zuperla-eutf-small-square size-zuperla-eutf-small-square\" alt=\"Planogram Template 3D Planogram Example Apparel\" srcset=\"https:\/\/www.scorpionplanogram.com\/nl-nl\/wp-content\/uploads\/sites\/7\/2018\/08\/Apparrell-2-3D-560x560.png 560w, https:\/\/www.scorpionplanogram.com\/nl-nl\/wp-content\/uploads\/sites\/7\/2018\/08\/Apparrell-2-3D-150x150.png 150w, https:\/\/www.scorpionplanogram.com\/nl-nl\/wp-content\/uploads\/sites\/7\/2018\/08\/Apparrell-2-3D-900x900.png 900w\" sizes=\"auto, (max-width: 560px) 100vw, 560px\" \/>  <\/div><\/div><div class=\"eut-element eut-image eut-animated-item eut-fade-in eut-duration-normal eut-align-center\" style=\"\" data-delay=\"0\">  <div class=\"eut-image-wrapper\"><img loading=\"lazy\" decoding=\"async\" width=\"560\" height=\"560\" src=\"https:\/\/www.scorpionplanogram.com\/nl-nl\/wp-content\/uploads\/sites\/7\/2018\/08\/Alcohol-Back-Bar-2--560x560.png\" class=\"attachment-zuperla-eutf-small-square size-zuperla-eutf-small-square\" alt=\"Scorpion 2D Planogram Example Bar\" srcset=\"https:\/\/www.scorpionplanogram.com\/nl-nl\/wp-content\/uploads\/sites\/7\/2018\/08\/Alcohol-Back-Bar-2--560x560.png 560w, https:\/\/www.scorpionplanogram.com\/nl-nl\/wp-content\/uploads\/sites\/7\/2018\/08\/Alcohol-Back-Bar-2--150x150.png 150w, https:\/\/www.scorpionplanogram.com\/nl-nl\/wp-content\/uploads\/sites\/7\/2018\/08\/Alcohol-Back-Bar-2--900x900.png 900w\" sizes=\"auto, (max-width: 560px) 100vw, 560px\" \/>  <\/div><\/div>\t<\/div>  <\/div><\/div>[\/vc_column][\/vc_row][vc_row padding_top_multiplier=&#8221;2x&#8221; rc_heading_color=&#8221;light&#8221; rc_bg_type=&#8221;color&#8221; rc_bg_color=&#8221;#38a048&#8243; rc_font_color=&#8221;#ffffff&#8221;][vc_column]<h2 class=\"eut-element eut-title eut-align-inherit eut-animated-item eut-fade-in-up eut-duration-normal eut-h3\" style=\"\" data-delay=\"0\"><span>2D en 3D Schappenplannen Afdrukken<\/span><\/h2>[vc_column_text animation=&#8221;eut-fade-in-up&#8221; animation_delay=&#8221;0&#8243;]Met Scorpion kunt u 2D en 3D schappenplannen printen in algemeen gebruikte formaten zoals PDF, Excel en PNG. U kunt de afdrukken helemaal naar u eigen voorkeur indelen en ontwerpen dus u beslist wat word afgedrukt. U heeft de keuze om het schappenplan te printen met of zonder de product afmetingen, stelling en plank nummers, en verkoop data. Met Scorpion planogrammen heeft u altijd de zekerheid dat de producten en schappen de juiste afmetingen hebben. Uw 3D schappenplannen kunnen ook afgedrukt worden met belangrijke inzichten over u producten en merken in de vorm van grafieken en highlights zoals de hotspot analyse.[\/vc_column_text][\/vc_column][\/vc_row][vc_row padding_bottom_multiplier=&#8221;2x&#8221; rc_bg_type=&#8221;color&#8221; rc_bg_color=&#8221;#38a048&#8243;][vc_column]<div class=\"eut-element eut-image eut-animated-item eut-fade-in eut-duration-normal eut-align-center\" style=\"\" data-delay=\"200\">  <div class=\"eut-image-wrapper\"><img loading=\"lazy\" decoding=\"async\" width=\"305\" height=\"452\" src=\"https:\/\/www.scorpionplanogram.com\/nl-nl\/wp-content\/uploads\/sites\/7\/2018\/09\/Scorpion-Output-Image.png\" class=\"attachment-full size-full\" alt=\"\" srcset=\"https:\/\/www.scorpionplanogram.com\/nl-nl\/wp-content\/uploads\/sites\/7\/2018\/09\/Scorpion-Output-Image.png 305w, https:\/\/www.scorpionplanogram.com\/nl-nl\/wp-content\/uploads\/sites\/7\/2018\/09\/Scorpion-Output-Image-202x300.png 202w\" sizes=\"auto, (max-width: 305px) 100vw, 305px\" \/>  <\/div><\/div>[\/vc_column][\/vc_row]<\/p>\n<\/div>","protected":false},"excerpt":{"rendered":"<p>[vc_row padding_top_multiplier=&#8221;&#8221; padding_bottom_multiplier=&#8221;2x&#8221;][vc_column][vc_column_text animation=&#8221;eut-fade-in-up&#8221; animation_delay=&#8221;0&#8243;]Het ontwerp van een 3D schappenplan begint bij een 2D schappenplan. Het cre\u00ebren van een 2D schappenplan is snel en voor de hand liggend met Scorpion. Scorpion gebruikt de meest recente technologie\u00ebn en algemeen gebruikte toets functies zoals verslepen met muisklik, vergroten en verkleinen met muisklik, en het kopi\u00ebren en plakken [&hellip;]<\/p>\n","protected":false},"author":11,"featured_media":0,"parent":0,"menu_order":0,"comment_status":"closed","ping_status":"closed","template":"","meta":{"_acf_changed":false,"_monsterinsights_skip_tracking":false,"_monsterinsights_sitenote_active":false,"_monsterinsights_sitenote_note":"","_monsterinsights_sitenote_category":0,"footnotes":""},"class_list":["post-3307","page","type-page","status-publish","hentry"],"acf":[],"yoast_head":"<!-- This site is optimized with the Yoast SEO plugin v27.4 - https:\/\/yoast.com\/product\/yoast-seo-wordpress\/ -->\n<title>3D Planograms | Check Out Our 3D Planogram Examples<\/title>\n<meta name=\"description\" content=\"Check out our 3D planogram examples. Do you like the look of the 3D planograms? Book a demo with us to see how you create 3D planograms with Scorpion.\" \/>\n<meta name=\"robots\" content=\"index, follow, max-snippet:-1, max-image-preview:large, max-video-preview:-1\" \/>\n<link rel=\"canonical\" href=\"https:\/\/www.scorpionplanogram.com\/nl-nl\/3d-schappenplan\/\" \/>\n<meta property=\"og:locale\" content=\"en_GB\" \/>\n<meta property=\"og:type\" content=\"article\" \/>\n<meta property=\"og:title\" content=\"3D Planograms | Check Out Our 3D Planogram Examples\" \/>\n<meta property=\"og:description\" content=\"Check out our 3D planogram examples. Do you like the look of the 3D planograms? Book a demo with us to see how you create 3D planograms with Scorpion.\" \/>\n<meta property=\"og:url\" content=\"https:\/\/www.scorpionplanogram.com\/nl-nl\/3d-schappenplan\/\" \/>\n<meta property=\"og:site_name\" content=\"Scorpion Dutch\" \/>\n<meta property=\"article:modified_time\" content=\"2018-11-20T12:06:34+00:00\" \/>\n<meta name=\"twitter:card\" content=\"summary_large_image\" \/>\n<meta name=\"twitter:label1\" content=\"Estimated reading time\" \/>\n\t<meta name=\"twitter:data1\" content=\"4 minutes\" \/>\n<script type=\"application\/ld+json\" class=\"yoast-schema-graph\">{\"@context\":\"https:\\\/\\\/schema.org\",\"@graph\":[{\"@type\":\"WebPage\",\"@id\":\"https:\\\/\\\/www.scorpionplanogram.com\\\/nl-nl\\\/3d-schappenplan\\\/\",\"url\":\"https:\\\/\\\/www.scorpionplanogram.com\\\/nl-nl\\\/3d-schappenplan\\\/\",\"name\":\"3D Planograms | Check Out Our 3D Planogram Examples\",\"isPartOf\":{\"@id\":\"https:\\\/\\\/www.scorpionplanogram.com\\\/nl-nl\\\/#website\"},\"datePublished\":\"2018-07-05T15:52:04+00:00\",\"dateModified\":\"2018-11-20T12:06:34+00:00\",\"description\":\"Check out our 3D planogram examples. Do you like the look of the 3D planograms? Book a demo with us to see how you create 3D planograms with Scorpion.\",\"breadcrumb\":{\"@id\":\"https:\\\/\\\/www.scorpionplanogram.com\\\/nl-nl\\\/3d-schappenplan\\\/#breadcrumb\"},\"inLanguage\":\"en-GB\",\"potentialAction\":[{\"@type\":\"ReadAction\",\"target\":[\"https:\\\/\\\/www.scorpionplanogram.com\\\/nl-nl\\\/3d-schappenplan\\\/\"]}]},{\"@type\":\"BreadcrumbList\",\"@id\":\"https:\\\/\\\/www.scorpionplanogram.com\\\/nl-nl\\\/3d-schappenplan\\\/#breadcrumb\",\"itemListElement\":[{\"@type\":\"ListItem\",\"position\":1,\"name\":\"Home\",\"item\":\"https:\\\/\\\/www.scorpionplanogram.com\\\/nl-nl\\\/\"},{\"@type\":\"ListItem\",\"position\":2,\"name\":\"3D Schappenplan\"}]},{\"@type\":\"WebSite\",\"@id\":\"https:\\\/\\\/www.scorpionplanogram.com\\\/nl-nl\\\/#website\",\"url\":\"https:\\\/\\\/www.scorpionplanogram.com\\\/nl-nl\\\/\",\"name\":\"Scorpion Dutch\",\"description\":\"\",\"potentialAction\":[{\"@type\":\"SearchAction\",\"target\":{\"@type\":\"EntryPoint\",\"urlTemplate\":\"https:\\\/\\\/www.scorpionplanogram.com\\\/nl-nl\\\/?s={search_term_string}\"},\"query-input\":{\"@type\":\"PropertyValueSpecification\",\"valueRequired\":true,\"valueName\":\"search_term_string\"}}],\"inLanguage\":\"en-GB\"}]}<\/script>\n<!-- \/ Yoast SEO plugin. -->","yoast_head_json":{"title":"3D Planograms | Check Out Our 3D Planogram Examples","description":"Check out our 3D planogram examples. Do you like the look of the 3D planograms? Book a demo with us to see how you create 3D planograms with Scorpion.","robots":{"index":"index","follow":"follow","max-snippet":"max-snippet:-1","max-image-preview":"max-image-preview:large","max-video-preview":"max-video-preview:-1"},"canonical":"https:\/\/www.scorpionplanogram.com\/nl-nl\/3d-schappenplan\/","og_locale":"en_GB","og_type":"article","og_title":"3D Planograms | Check Out Our 3D Planogram Examples","og_description":"Check out our 3D planogram examples. Do you like the look of the 3D planograms? Book a demo with us to see how you create 3D planograms with Scorpion.","og_url":"https:\/\/www.scorpionplanogram.com\/nl-nl\/3d-schappenplan\/","og_site_name":"Scorpion Dutch","article_modified_time":"2018-11-20T12:06:34+00:00","twitter_card":"summary_large_image","twitter_misc":{"Estimated reading time":"4 minutes"},"schema":{"@context":"https:\/\/schema.org","@graph":[{"@type":"WebPage","@id":"https:\/\/www.scorpionplanogram.com\/nl-nl\/3d-schappenplan\/","url":"https:\/\/www.scorpionplanogram.com\/nl-nl\/3d-schappenplan\/","name":"3D Planograms | Check Out Our 3D Planogram Examples","isPartOf":{"@id":"https:\/\/www.scorpionplanogram.com\/nl-nl\/#website"},"datePublished":"2018-07-05T15:52:04+00:00","dateModified":"2018-11-20T12:06:34+00:00","description":"Check out our 3D planogram examples. Do you like the look of the 3D planograms? Book a demo with us to see how you create 3D planograms with Scorpion.","breadcrumb":{"@id":"https:\/\/www.scorpionplanogram.com\/nl-nl\/3d-schappenplan\/#breadcrumb"},"inLanguage":"en-GB","potentialAction":[{"@type":"ReadAction","target":["https:\/\/www.scorpionplanogram.com\/nl-nl\/3d-schappenplan\/"]}]},{"@type":"BreadcrumbList","@id":"https:\/\/www.scorpionplanogram.com\/nl-nl\/3d-schappenplan\/#breadcrumb","itemListElement":[{"@type":"ListItem","position":1,"name":"Home","item":"https:\/\/www.scorpionplanogram.com\/nl-nl\/"},{"@type":"ListItem","position":2,"name":"3D Schappenplan"}]},{"@type":"WebSite","@id":"https:\/\/www.scorpionplanogram.com\/nl-nl\/#website","url":"https:\/\/www.scorpionplanogram.com\/nl-nl\/","name":"Scorpion Dutch","description":"","potentialAction":[{"@type":"SearchAction","target":{"@type":"EntryPoint","urlTemplate":"https:\/\/www.scorpionplanogram.com\/nl-nl\/?s={search_term_string}"},"query-input":{"@type":"PropertyValueSpecification","valueRequired":true,"valueName":"search_term_string"}}],"inLanguage":"en-GB"}]}},"_links":{"self":[{"href":"https:\/\/www.scorpionplanogram.com\/nl-nl\/wp-json\/wp\/v2\/pages\/3307","targetHints":{"allow":["GET"]}}],"collection":[{"href":"https:\/\/www.scorpionplanogram.com\/nl-nl\/wp-json\/wp\/v2\/pages"}],"about":[{"href":"https:\/\/www.scorpionplanogram.com\/nl-nl\/wp-json\/wp\/v2\/types\/page"}],"author":[{"embeddable":true,"href":"https:\/\/www.scorpionplanogram.com\/nl-nl\/wp-json\/wp\/v2\/users\/11"}],"replies":[{"embeddable":true,"href":"https:\/\/www.scorpionplanogram.com\/nl-nl\/wp-json\/wp\/v2\/comments?post=3307"}],"version-history":[{"count":0,"href":"https:\/\/www.scorpionplanogram.com\/nl-nl\/wp-json\/wp\/v2\/pages\/3307\/revisions"}],"wp:attachment":[{"href":"https:\/\/www.scorpionplanogram.com\/nl-nl\/wp-json\/wp\/v2\/media?parent=3307"}],"curies":[{"name":"wp","href":"https:\/\/api.w.org\/{rel}","templated":true}]}}